{"id":520,"date":"2014-04-12T14:44:10","date_gmt":"2014-04-12T14:44:10","guid":{"rendered":"http:\/\/bliccathemes.com\/medicom\/?page_id=520"},"modified":"2024-10-01T16:32:47","modified_gmt":"2024-10-01T16:32:47","slug":"home-page-one","status":"publish","type":"page","link":"http:\/\/www.cliniquekabala.com\/","title":{"rendered":"IMG-20210510-WA0007.jpg"},"content":{"rendered":"<p>[vc_row margin_bottom=\u00a0\u00bb0px\u00a0\u00bb][vc_column][layerslider_vc id=\u00a0\u00bb1&Prime;][\/vc_column][\/vc_row][vc_row el_class=\u00a0\u00bbfull\u00a0\u00bb][vc_column width=\u00a0\u00bb1\/3&Prime; el_class=\u00a0\u00bbfullstyle\u00a0\u00bb][vc_column_text]<\/p>\n<h3 style=\"text-align: center;\"><i class=\"fa fa-tint\"><\/i><br \/>\n<span style=\"color: #ffffff;\"> Laboratoire d\u2019Analyses<\/span><\/h3>\n<p style=\"text-align: center;\"><span style=\"color: #ffffff;\">La clinique est dot\u00e9e d&rsquo;un laboratoire d&rsquo;analyses bien \u00e9quip\u00e9 et tr\u00e8s performant.<\/span><\/p>\n<p style=\"text-align: center;\"><a href=\"#\"><span class=\"layersliderbutton\">DETAILS<\/span><\/a><\/p>\n<p>[\/vc_column_text][\/vc_column][vc_column width=\u00a0\u00bb1\/3&Prime; el_class=\u00a0\u00bbfullstyle2&Prime;][vc_column_text]<\/p>\n<h3 style=\"text-align: center;\"><i class=\"fa fa-clock-o\"><\/i><br \/>\n<span style=\"color: #393939;\"> <strong> HEURES D&rsquo;OUVERTURE<\/strong><\/span><\/h3>\n<p style=\"text-align: center;\"><span style=\"color: #393939;\">La clinique est ouverte au public et l&rsquo;accueil des urgences est assur\u00e9 24h\/24h.<\/span><br \/>\n<i class=\"fa fa-phone\"><\/i> <strong>(+223) 20 29 06 72\/20 29 19 15<br \/>\nP.M.A. (223) 70 70 91 91 (SVP envoyez un sms avec votre nom et attendez la r\u00e9ponse dans un bref d\u00e9lais)<\/strong><br \/>\n<i class=\"fa fa-map-marker\"><\/i> <strong>Zone ACI &#8211; Hamdallaye Bamako Mali<\/strong><br \/>\n<i class=\"fa fa-envelope\"><\/i> <strong><a>cliniquekabala@afribone.net<\/a><\/strong><\/p>\n<p>[\/vc_column_text][\/vc_column][vc_column width=\u00a0\u00bb1\/3&Prime; el_class=\u00a0\u00bbfullstyle\u00a0\u00bb][vc_column_text]<\/p>\n<h3 style=\"text-align: center;\"><i class=\"fa fa-tint\"><\/i><br \/>\n<span style=\"color: #ffffff;\"> Centre de Fertilit\u00e9<\/span><\/h3>\n<p style=\"text-align: center;\"><span style=\"color: #ffffff;\">La Clinique dispose d\u2019un centre de Fertilit\u00e9 qui pratique toutes les m\u00e9thodes de prise en charge de l\u2019infertilit\u00e9 du couple.<\/span><\/p>\n<p style=\"text-align: center;\"><a href=\"#\"><span class=\"layersliderbutton\">Lire La Suite<\/span><\/a><\/p>\n<p>[\/vc_column_text][\/vc_column][\/vc_row][vc_row][vc_column width=\u00a0\u00bb1\/3&Prime;]<div class=\"flipInX-1 blind medicom-team nosocial animated\" style=\"animation-delay: 300ms; -moz-animation-delay: 300ms; -webkit-animation-delay: 300ms;\"><div class=\"team-thumb\"><img src=\"http:\/\/www.cliniquekabala.com\/wp-content\/uploads\/2021\/03\/politik-qualite.png\" alt=\"\"><ul class=\"team-social\"><\/ul><\/div><div class=\"team-title\"><div class=\"team-name\"><p>   <span>POLITIQUE QUALITE<\/span><\/p><p><\/p><\/div><\/div><div class=\"clearfix\"><\/div><div class=\"team-content\"><p>La Clinique KABALA s&rsquo;est engag\u00e9e, depuis quelques ann\u00e9es, dans la d\u00e9marche qualit\u00e9 qui a conduit \u00e0 une labellisation au r\u00e9f\u00e9rentiel des centre&#8230;<\/p><\/div><\/div>[\/vc_column][vc_column width=\u00a0\u00bb1\/3&Prime;]<div class=\"flipInX-1 blind medicom-team nosocial animated\" style=\"animation-delay: 300ms; -moz-animation-delay: 300ms; -webkit-animation-delay: 300ms;\"><div class=\"team-thumb\"><img src=\"http:\/\/www.cliniquekabala.com\/wp-content\/uploads\/2021\/05\/IMG-20210510-WA0007.jpg\" alt=\"\"><ul class=\"team-social\"><\/ul><\/div><div class=\"team-title\"><div class=\"team-name\"><p>   <span>ISO 9001 V.2015 d\u00e9livr\u00e9 par QDS<\/span><\/p><p><\/p><\/div><\/div><div class=\"clearfix\"><\/div><div class=\"team-content\"><p>Valabe jusqu&rsquo;au 18 F\u00e9vrier 2027. Valable dans les domaines d&rsquo;applications cliniques et laboratoires d&rsquo;analyses m\u00e9dicales Traitement de l&rsquo;infertilit\u00e9 <a href=\"https:\/\/www.cliniquekabala.com\/index.php\/2021\/05\/14\/iso-9001-v-2015-delivre-par-qds\/\">(suite\u2026)<\/a><\/p><\/div><\/div>[\/vc_column][vc_column width=\u00a0\u00bb1\/3&Prime;]<div class=\"flipInX-1 blind medicom-team nosocial animated\" style=\"animation-delay: 300ms; -moz-animation-delay: 300ms; -webkit-animation-delay: 300ms;\"><div class=\"team-thumb\"><img src=\"http:\/\/www.cliniquekabala.com\/wp-content\/uploads\/2021\/03\/ressources.png\" alt=\"\"><ul class=\"team-social\"><\/ul><\/div><div class=\"team-title\"><div class=\"team-name\"><p>   <span>Nos Ressources<\/span><\/p><p><\/p><\/div><\/div><div class=\"clearfix\"><\/div><div class=\"team-content\"><p>D&rsquo;une capacit\u00e9 d&rsquo;accueil de 25 lits, la clinique offre des prestations en m\u00e9decine g\u00e9n\u00e9rale, gyn\u00e9co-obst\u00e9trique et st\u00e9rilit\u00e9 fertilit\u00e9,&#8230;<\/p><\/div><\/div>[\/vc_column][\/vc_row][vc_row][vc_column][vc_column_text]<\/p>\n<h1 style=\"text-align: center;\">Unit\u00e9 de N\u00e9onatologie da la Clinique KABALA<\/h1>\n<p style=\"text-align: center;\">Depuis Janvier 2016 l\u2019unit\u00e9 de n\u00e9onatologie est fonctionnelle \u00e0 la Clinique KABALA. Cette unit\u00e9 s\u2019est dot\u00e9e de couveuses neuves avec tout le mat\u00e9riel n\u00e9cessaire pour une prise en charge efficace des b\u00e9b\u00e9s n\u00e9s pr\u00e9matur\u00e9ment.<\/p>\n<p>[\/vc_column_text][\/vc_column][\/vc_row]<\/p>\n","protected":false},"excerpt":{"rendered":"<p>[vc_row margin_bottom=\u00a0\u00bb0px\u00a0\u00bb][vc_column][layerslider_vc id=\u00a0\u00bb1&Prime;][\/vc_column][\/vc_row][vc_row el_class=\u00a0\u00bbfull\u00a0\u00bb][vc_column width=\u00a0\u00bb1\/3&Prime; el_class=\u00a0\u00bbfullstyle\u00a0\u00bb][vc_column_text] Laboratoire d\u2019Analyses La clinique est dot\u00e9e d&rsquo;un laboratoire d&rsquo;analyses bien \u00e9quip\u00e9 et tr\u00e8s performant. DETAILS [\/vc_column_text][\/vc_column][vc_column width=\u00a0\u00bb1\/3&Prime; el_class=\u00a0\u00bbfullstyle2&Prime;][vc_column_text] HEURES D&rsquo;OUVERTURE La clinique est ouverte au public et l&rsquo;accueil des urgences est assur\u00e9 24h\/24h. (+223) 20 29 06 72\/20 29 19 15 P.M.A. (223) 70 70 91 91 (SVP envoyez un sms avec votre nom et attendez la r\u00e9ponse dans un bref d\u00e9lais) Zone ACI &#8211; Hamdallaye Bamako Mali cliniquekabala@afribone.net [\/vc_column_text][\/vc_column][vc_column width=\u00a0\u00bb1\/3&Prime; el_class=\u00a0\u00bbfullstyle\u00a0\u00bb][vc_column_text] Centre de Fertilit\u00e9 La Clinique dispose d\u2019un centre de Fertilit\u00e9 qui pratique [&hellip;]<\/p>\n","protected":false},"author":1,"featured_media":0,"parent":0,"menu_order":0,"comment_status":"closed","ping_status":"closed","template":"home-template.php","meta":[],"_links":{"self":[{"href":"http:\/\/www.cliniquekabala.com\/index.php\/wp-json\/wp\/v2\/pages\/520"}],"collection":[{"href":"http:\/\/www.cliniquekabala.com\/index.php\/wp-json\/wp\/v2\/pages"}],"about":[{"href":"http:\/\/www.cliniquekabala.com\/index.php\/wp-json\/wp\/v2\/types\/page"}],"author":[{"embeddable":true,"href":"http:\/\/www.cliniquekabala.com\/index.php\/wp-json\/wp\/v2\/users\/1"}],"replies":[{"embeddable":true,"href":"http:\/\/www.cliniquekabala.com\/index.php\/wp-json\/wp\/v2\/comments?post=520"}],"version-history":[{"count":19,"href":"http:\/\/www.cliniquekabala.com\/index.php\/wp-json\/wp\/v2\/pages\/520\/revisions"}],"predecessor-version":[{"id":1345,"href":"http:\/\/www.cliniquekabala.com\/index.php\/wp-json\/wp\/v2\/pages\/520\/revisions\/1345"}],"wp:attachment":[{"href":"http:\/\/www.cliniquekabala.com\/index.php\/wp-json\/wp\/v2\/media?parent=520"}],"curies":[{"name":"wp","href":"https:\/\/api.w.org\/{rel}","templated":true}]}}