{"id":6,"date":"2018-04-28T18:26:15","date_gmt":"2018-04-28T18:26:15","guid":{"rendered":"http:\/\/127.0.0.1\/kabala\/?page_id=6"},"modified":"2020-06-06T13:56:43","modified_gmt":"2020-06-06T13:56:43","slug":"a-propos-de-kabala","status":"publish","type":"page","link":"https:\/\/www.cliniquekabala.com\/index.php\/a-propos-de-kabala\/","title":{"rendered":"A PROPOS DE KABALA"},"content":{"rendered":"<p><img decoding=\"async\" loading=\"lazy\" class=\"wp-image-402  alignnone\" src=\"http:\/\/www.cliniquekabala.com\/wp-content\/uploads\/2020\/06\/facade-kabala.jpg\" alt=\"\" width=\"782\" height=\"587\" srcset=\"https:\/\/www.cliniquekabala.com\/wp-content\/uploads\/2020\/06\/facade-kabala.jpg 850w, https:\/\/www.cliniquekabala.com\/wp-content\/uploads\/2020\/06\/facade-kabala-300x225.jpg 300w, https:\/\/www.cliniquekabala.com\/wp-content\/uploads\/2020\/06\/facade-kabala-768x576.jpg 768w\" sizes=\"(max-width: 782px) 100vw, 782px\" \/><\/p>\n<p><span style=\"color: #000000; font-family: Verdana; font-size: 12pt;\"><strong>Historique<\/strong>:<\/span><\/p>\n<p><span style=\"color: #000000; font-family: Verdana; font-size: 10pt;\">La clinique kabala a \u00e9t\u00e9 cr\u00e9\u00e9e sur fonds propres en octobre 1993 par le Dr. Dj\u00e9di kaba Diakit\u00e9 sp\u00e9cialiste en gyn\u00e9cologie obst\u00e9trique, en traitement microchirurgicale des st\u00e9rilit\u00e9s, en AMP et en \u00e9chographie gyn\u00e9co-obst\u00e9tricale.<\/span><span style=\"color: #000000; font-family: Verdana; font-size: 10pt;\">C&rsquo;est en f\u00e9vrier 1998 que la clinique kabala a d\u00e9m\u00e9nag\u00e9 dans ses nouveaux locaux sise \u00e0 la zone ACI 2000 Hamdallaye en commune IV du district de Bamako devenant du coup la premi\u00e8re clinique de ce quartier de r\u00e9f\u00e9rence de la capitale du Mali.<\/span><\/p>\n<p align=\"justify\"><span style=\"color: #000000; font-family: Verdana; font-size: 12pt;\"><span style=\"font-family: Verdana;\"><strong style=\"font-family: Verdana; font-size: 16px;\">Pr\u00e9sentation<\/strong>:<\/span><\/span><\/p>\n<p align=\"justify\"><span style=\"color: #000000; font-family: Verdana; font-size: 10pt;\"><span style=\"font-family: Verdana;\">D&rsquo;une capacit\u00e9 d&rsquo;accueil de 25 lits, la clinique offre des prestations en m\u00e9decine g\u00e9n\u00e9rale, gyn\u00e9co-obst\u00e9trique et st\u00e9rilit\u00e9 fertilit\u00e9, cardiologie, urologie, p\u00e9diatrie, diab\u00e9tologie, chirurgie g\u00e9n\u00e9rale, psychologie et en ORL.<\/span><\/span><\/p>\n<p align=\"justify\"><span style=\"color: #000000; font-family: Verdana; font-size: 10pt;\"><span style=\"font-family: Verdana;\">Le Troph\u00e9e International au prestige \u00e0 la qualit\u00e9 , remis au Directeur de la clinique Kabala en Avril 2003 \u00e0 Madrid en Espagne par ACTUALIDAD est notre premier troph\u00e9e international.<\/span><\/span><\/p>\n<p align=\"justify\"><span style=\"color: #000000; font-family: Verdana; font-size: 10pt;\"><span style=\"font-family: Verdana;\">Ce troph\u00e9e remis \u00e0 plus d&rsquo;une quarantaine de soci\u00e9t\u00e9s et d&rsquo;entreprises priv\u00e9es et publiques de plus de 25 pays du monde entier, r\u00e9compense chaque ann\u00e9e les entreprises du monde entier les plus comp\u00e9titives et qui \u00e9voluent et s&rsquo;adaptent aux exigences et changements dans leurs domaines d&rsquo;activit\u00e9s. En m\u00eame temps ces entreprises doivent avoir une certaine exigence de qualit\u00e9 prix sur le march\u00e9 et une certaine rigueur dans la gestion des affaires. Seul gage de r\u00e9ussite dans ce monde de perp\u00e9tuel\u00a0concurrence.<\/span><\/span><\/p>\n<h4 align=\"justify\"><strong>Rubrique vid\u00e9os<\/strong>: <strong>Les\u00a0S\u00e9ances vid\u00e9os pr\u00e9sent\u00e9es par \u00a0le Dr. Dj\u00e9di kaba Diakit\u00e9 sp\u00e9cialiste en gyn\u00e9cologie obst\u00e9trique<\/strong><\/h4>\n<h4><iframe loading=\"lazy\" src=\"https:\/\/www.youtube.com\/embed\/clt_4NAxmR4?start=29\" width=\"560\" height=\"315\" frameborder=\"0\" allowfullscreen=\"allowfullscreen\"><\/iframe><\/h4>\n<p><iframe loading=\"lazy\" src=\"https:\/\/www.youtube.com\/embed\/MzZKZYUdyEw?start=29\" width=\"560\" height=\"315\" frameborder=\"0\" allowfullscreen=\"allowfullscreen\"><\/iframe><br \/>\n<strong>Mag Sant\u00e9 ORTM: la f\u00e9condation in vitro<\/strong><\/p>\n<p><iframe loading=\"lazy\" src=\"https:\/\/www.youtube.com\/embed\/NjIXptM7mT4\" width=\"560\" height=\"315\" frameborder=\"0\" allowfullscreen=\"allowfullscreen\"><\/iframe><br \/>\n<strong>Mag Sant\u00e9 TM2 (K\u00e8n\u00e8ya) n\u00b02 : Le traitement de la st\u00e9rilit\u00e9<\/strong><\/p>\n","protected":false},"excerpt":{"rendered":"<p>Historique: La clinique kabala a \u00e9t\u00e9 cr\u00e9\u00e9e sur fonds propres en octobre 1993 par le Dr. Dj\u00e9di kaba Diakit\u00e9 sp\u00e9cialiste en gyn\u00e9cologie obst\u00e9trique, en traitement microchirurgicale des st\u00e9rilit\u00e9s, en AMP et en \u00e9chographie gyn\u00e9co-obst\u00e9tricale.C&rsquo;est en f\u00e9vrier 1998 que la clinique kabala a d\u00e9m\u00e9nag\u00e9 dans ses nouveaux locaux sise \u00e0 la zone ACI 2000 Hamdallaye en commune IV du district de Bamako devenant du coup la premi\u00e8re clinique de ce quartier de r\u00e9f\u00e9rence de la capitale du Mali. Pr\u00e9sentation: D&rsquo;une capacit\u00e9 d&rsquo;accueil de 25 lits, la clinique offre des prestations en [&hellip;]<\/p>\n","protected":false},"author":1,"featured_media":0,"parent":0,"menu_order":0,"comment_status":"closed","ping_status":"closed","template":"","meta":[],"_links":{"self":[{"href":"https:\/\/www.cliniquekabala.com\/index.php\/wp-json\/wp\/v2\/pages\/6"}],"collection":[{"href":"https:\/\/www.cliniquekabala.com\/index.php\/wp-json\/wp\/v2\/pages"}],"about":[{"href":"https:\/\/www.cliniquekabala.com\/index.php\/wp-json\/wp\/v2\/types\/page"}],"author":[{"embeddable":true,"href":"https:\/\/www.cliniquekabala.com\/index.php\/wp-json\/wp\/v2\/users\/1"}],"replies":[{"embeddable":true,"href":"https:\/\/www.cliniquekabala.com\/index.php\/wp-json\/wp\/v2\/comments?post=6"}],"version-history":[{"count":20,"href":"https:\/\/www.cliniquekabala.com\/index.php\/wp-json\/wp\/v2\/pages\/6\/revisions"}],"predecessor-version":[{"id":410,"href":"https:\/\/www.cliniquekabala.com\/index.php\/wp-json\/wp\/v2\/pages\/6\/revisions\/410"}],"wp:attachment":[{"href":"https:\/\/www.cliniquekabala.com\/index.php\/wp-json\/wp\/v2\/media?parent=6"}],"curies":[{"name":"wp","href":"https:\/\/api.w.org\/{rel}","templated":true}]}}